{"id":13,"date":"2025-09-11T07:53:15","date_gmt":"2025-09-11T07:53:15","guid":{"rendered":"https:\/\/xstore.8theme.com\/elementor\/demos\/minimal-electronics\/?page_id=9"},"modified":"2025-11-06T12:07:12","modified_gmt":"2025-11-06T12:07:12","slug":"geri-odeme-ve-iade-politikasi","status":"publish","type":"page","link":"https:\/\/otobed.com\/en\/geri-odeme-ve-iade-politikasi\/","title":{"rendered":"Geri \u00f6deme ve \u0130ade Politikas\u0131"},"content":{"rendered":"<div data-elementor-type=\"wp-page\" data-elementor-id=\"13\" class=\"elementor elementor-13\" data-elementor-post-type=\"page\">\n\t\t\t\t<div class=\"elementor-element elementor-element-5eba0d64 e-flex e-con-boxed e-con e-parent\" data-id=\"5eba0d64\" data-element_type=\"container\">\n\t\t\t\t\t<div class=\"e-con-inner\">\n\t\t\t\t<div class=\"elementor-element elementor-element-15e8aa32 elementor-widget elementor-widget-text-editor\" data-id=\"15e8aa32\" data-element_type=\"widget\" data-widget_type=\"text-editor.default\">\n\t\t\t\t\t\t\t\t\t\n<h1 data-start=\"158\" data-end=\"191\">\u0130ade ve Geri \u00d6deme Politikas\u0131<\/h1>\n<h2 data-start=\"193\" data-end=\"209\">Genel Bak\u0131\u015f<\/h2>\n<p data-start=\"210\" data-end=\"348\">\u0130ade ve geri \u00f6deme politikam\u0131z <strong data-start=\"241\" data-end=\"251\">15 g\u00fcn<\/strong> ge\u00e7erlidir. Sat\u0131n alma tarihinizden itibaren 15 g\u00fcn ge\u00e7tiyse, tam iade veya de\u011fi\u015fim yapamay\u0131z.<\/p>\n<p data-start=\"350\" data-end=\"464\">\u0130ade i\u00e7in \u00fcr\u00fcn\u00fcn\u00fcz\u00fcn <strong data-start=\"371\" data-end=\"388\">kullan\u0131lmam\u0131\u015f<\/strong>, size teslim edildi\u011fi durumda ve <strong data-start=\"422\" data-end=\"446\">orijinal ambalaj\u0131nda<\/strong> olmas\u0131 gerekir.<\/p>\n<p data-start=\"466\" data-end=\"513\">\u0130ade kapsam\u0131 d\u0131\u015f\u0131nda kalan \u00fcr\u00fcnler \u015funlard\u0131r:<\/p>\n<ul data-start=\"514\" data-end=\"705\">\n<li data-start=\"514\" data-end=\"571\">\n<p data-start=\"516\" data-end=\"571\">G\u0131da, \u00e7i\u00e7ek, gazete, dergi gibi \u00e7abuk bozulan \u00fcr\u00fcnler<\/p>\n<\/li>\n<li data-start=\"572\" data-end=\"608\">\n<p data-start=\"574\" data-end=\"608\">Ki\u015fisel bak\u0131m ve hijyen \u00fcr\u00fcnleri<\/p>\n<\/li>\n<li data-start=\"609\" data-end=\"656\">\n<p data-start=\"611\" data-end=\"656\">Tehlikeli maddeler, yan\u0131c\u0131 s\u0131v\u0131 veya gazlar<\/p>\n<\/li>\n<li data-start=\"657\" data-end=\"676\">\n<p data-start=\"659\" data-end=\"676\">Hediye kartlar\u0131<\/p>\n<\/li>\n<li data-start=\"677\" data-end=\"705\">\n<p data-start=\"679\" data-end=\"705\">\u0130ndirilebilir yaz\u0131l\u0131mlar<\/p>\n<\/li>\n<\/ul>\n<p data-start=\"707\" data-end=\"827\">\u0130adenizi tamamlamak i\u00e7in fatura veya sat\u0131n alma kan\u0131t\u0131 gereklidir.<br data-start=\"773\" data-end=\"776\" \/><strong data-start=\"776\" data-end=\"825\">L\u00fctfen \u00fcr\u00fcn\u00fcn\u00fcz\u00fc \u00fcretici firmaya g\u00f6ndermeyin.<\/strong><\/p>\n<hr data-start=\"829\" data-end=\"832\" \/>\n<h2 data-start=\"834\" data-end=\"870\">K\u0131smi \u0130adeler (Uygun Oldu\u011funda)<\/h2>\n<p data-start=\"871\" data-end=\"926\">A\u015fa\u011f\u0131daki durumlarda yaln\u0131zca k\u0131smi iade yap\u0131labilir:<\/p>\n<ul data-start=\"927\" data-end=\"1112\">\n<li data-start=\"927\" data-end=\"968\">\n<p data-start=\"929\" data-end=\"968\">Belirgin kullan\u0131m izleri olan \u00fcr\u00fcnler<\/p>\n<\/li>\n<li data-start=\"969\" data-end=\"1059\">\n<p data-start=\"971\" data-end=\"1059\">Orijinal durumunda olmayan, hasarl\u0131 veya eksik par\u00e7al\u0131 \u00fcr\u00fcnler (bizim hatam\u0131z d\u0131\u015f\u0131nda)<\/p>\n<\/li>\n<li data-start=\"1060\" data-end=\"1112\">\n<p data-start=\"1062\" data-end=\"1112\">Teslimattan <strong data-start=\"1074\" data-end=\"1084\">15 g\u00fcn<\/strong> sonra iade edilen \u00fcr\u00fcnler<\/p>\n<\/li>\n<\/ul>\n<hr data-start=\"1114\" data-end=\"1117\" \/>\n<h2 data-start=\"1119\" data-end=\"1141\">Geri \u00d6deme S\u00fcreci<\/h2>\n<p data-start=\"1142\" data-end=\"1328\">\u0130adeniz bize ula\u015ft\u0131\u011f\u0131nda incelenir ve size e-posta ile bilgilendirme yap\u0131l\u0131r. Onayland\u0131\u011f\u0131nda, geri \u00f6demeniz i\u015fleme al\u0131n\u0131r ve \u00f6demenizi yapt\u0131\u011f\u0131n\u0131z y\u00f6ntem \u00fczerinden hesab\u0131n\u0131za aktar\u0131l\u0131r.<\/p>\n<hr data-start=\"1330\" data-end=\"1333\" \/>\n<h2 data-start=\"1335\" data-end=\"1372\">Geciken veya Eksik Geri \u00d6demeler<\/h2>\n<p data-start=\"1373\" data-end=\"1416\">E\u011fer iadeniz hen\u00fcz hesab\u0131n\u0131za ge\u00e7mediyse:<\/p>\n<ol data-start=\"1417\" data-end=\"1563\">\n<li data-start=\"1417\" data-end=\"1452\">\n<p data-start=\"1420\" data-end=\"1452\">Banka hesab\u0131n\u0131z\u0131 kontrol edin.<\/p>\n<\/li>\n<li data-start=\"1453\" data-end=\"1538\">\n<p data-start=\"1456\" data-end=\"1538\">Kredi kart\u0131 sa\u011flay\u0131c\u0131n\u0131zla ileti\u015fime ge\u00e7in (baz\u0131 i\u015flemler birka\u00e7 g\u00fcn s\u00fcrebilir).<\/p>\n<\/li>\n<li data-start=\"1539\" data-end=\"1563\">\n<p data-start=\"1542\" data-end=\"1563\">Bankan\u0131zla g\u00f6r\u00fc\u015f\u00fcn.<\/p>\n<\/li>\n<\/ol>\n<p data-start=\"1565\" data-end=\"1661\">T\u00fcm bunlara ra\u011fmen geri \u00f6demeniz ger\u00e7ekle\u015fmediyse bizimle ileti\u015fime ge\u00e7in: <strong data-start=\"1640\" data-end=\"1659\"><a class=\"decorated-link cursor-pointer\" rel=\"noopener\" data-start=\"1642\" data-end=\"1657\">info@otobed.com<\/a><\/strong><\/p>\n<hr data-start=\"1663\" data-end=\"1666\" \/>\n<h2 data-start=\"1668\" data-end=\"1690\">\u0130ndirimli \u00dcr\u00fcnler<\/h2>\n<p data-start=\"1691\" data-end=\"1784\">Sadece <strong data-start=\"1698\" data-end=\"1724\">normal fiyatl\u0131 \u00fcr\u00fcnler<\/strong> i\u00e7in iade yap\u0131l\u0131r.<br data-start=\"1743\" data-end=\"1746\" \/><strong data-start=\"1746\" data-end=\"1782\">\u0130ndirimli \u00fcr\u00fcnler iade edilemez.<\/strong><\/p>\n<hr data-start=\"1786\" data-end=\"1789\" \/>\n<h2 data-start=\"1791\" data-end=\"1813\">De\u011fi\u015fim \u0130\u015flemleri<\/h2>\n<p data-start=\"1814\" data-end=\"1984\">Sadece <strong data-start=\"1821\" data-end=\"1852\">defolu veya hasarl\u0131 \u00fcr\u00fcnler<\/strong> ayn\u0131 \u00fcr\u00fcnle de\u011fi\u015ftirilebilir. Bunun i\u00e7in bize <strong data-start=\"1899\" data-end=\"1918\"><a class=\"decorated-link cursor-pointer\" rel=\"noopener\" data-start=\"1901\" data-end=\"1916\">info@otobed.com<\/a><\/strong> adresinden ula\u015fabilir ve \u00fcr\u00fcn\u00fcn\u00fcz\u00fc \u015fu adrese g\u00f6nderebilirsiniz:<\/p>\n<p data-start=\"1986\" data-end=\"2008\"><strong data-start=\"1986\" data-end=\"2006\">{fiziksel adres}<\/strong><\/p>\n<hr data-start=\"2010\" data-end=\"2013\" \/>\n<h2 data-start=\"2015\" data-end=\"2034\">Hediye \u00dcr\u00fcnler<\/h2>\n<ul data-start=\"2035\" data-end=\"2229\">\n<li data-start=\"2035\" data-end=\"2155\">\n<p data-start=\"2037\" data-end=\"2155\">E\u011fer \u00fcr\u00fcn hediye olarak i\u015faretlendiyse ve do\u011frudan size g\u00f6nderildiyse, iadeniz onayland\u0131\u011f\u0131nda hediye \u00e7eki al\u0131rs\u0131n\u0131z.<\/p>\n<\/li>\n<li data-start=\"2156\" data-end=\"2229\">\n<p data-start=\"2158\" data-end=\"2229\">\u00dcr\u00fcn hediye olarak i\u015faretlenmediyse, iade \u00fccreti sat\u0131n alana yap\u0131l\u0131r.<\/p>\n<\/li>\n<\/ul>\n<hr data-start=\"2231\" data-end=\"2234\" \/>\n<h2 data-start=\"2236\" data-end=\"2258\">\u0130ade G\u00f6nderimleri<\/h2>\n<p data-start=\"2259\" data-end=\"2297\">\u00dcr\u00fcn\u00fcn\u00fcz\u00fc \u015fu adrese g\u00f6ndermelisiniz:<\/p>\n<p data-start=\"2299\" data-end=\"2321\"><strong data-start=\"2299\" data-end=\"2319\">{fiziksel adres}<\/strong><\/p>\n<ul data-start=\"2323\" data-end=\"2573\">\n<li data-start=\"2323\" data-end=\"2378\">\n<p data-start=\"2325\" data-end=\"2378\">\u0130ade kargo \u00fccreti m\u00fc\u015fteriye aittir ve iade edilmez.<\/p>\n<\/li>\n<li data-start=\"2379\" data-end=\"2452\">\n<p data-start=\"2381\" data-end=\"2452\">Geri \u00f6deme yap\u0131lmas\u0131 durumunda, kargo \u00fccreti toplam tutardan d\u00fc\u015f\u00fcl\u00fcr.<\/p>\n<\/li>\n<li data-start=\"2453\" data-end=\"2573\">\n<p data-start=\"2455\" data-end=\"2573\">\u00dcr\u00fcn\u00fcn\u00fcz\u00fcn g\u00fcvenli \u015fekilde ula\u015fmas\u0131 i\u00e7in <strong data-start=\"2496\" data-end=\"2515\">takipli g\u00f6nderi<\/strong> veya <strong data-start=\"2521\" data-end=\"2540\">kargo sigortas\u0131<\/strong> tercih etmeniz tavsiye edilir.<\/p>\n<\/li>\n<\/ul>\n<hr data-start=\"2575\" data-end=\"2578\" \/>\n<h2 data-start=\"2580\" data-end=\"2591\">Yard\u0131m<\/h2>\n<p data-start=\"2592\" data-end=\"2690\">\u0130ade ve geri \u00f6demelerle ilgili t\u00fcm sorular\u0131n\u0131z i\u00e7in bizimle ileti\u015fime ge\u00e7in: <strong data-start=\"2669\" data-end=\"2688\"><a class=\"decorated-link cursor-pointer\" rel=\"noopener\" data-start=\"2671\" data-end=\"2686\">info@otobed.com<\/a><\/strong><\/p>\n\t\t\t\t\t\t\t\t<\/div>\n\t\t\t\t\t<\/div>\n\t\t\t\t<\/div>\n\t\t\t\t<\/div>","protected":false},"excerpt":{"rendered":"<p>&#8230;<\/p>","protected":false},"author":2,"featured_media":0,"parent":0,"menu_order":0,"comment_status":"closed","ping_status":"closed","template":"","meta":{"footnotes":""},"class_list":["post-13","page","type-page","status-publish","hentry"],"_links":{"self":[{"href":"https:\/\/otobed.com\/en\/wp-json\/wp\/v2\/pages\/13","targetHints":{"allow":["GET"]}}],"collection":[{"href":"https:\/\/otobed.com\/en\/wp-json\/wp\/v2\/pages"}],"about":[{"href":"https:\/\/otobed.com\/en\/wp-json\/wp\/v2\/types\/page"}],"author":[{"embeddable":true,"href":"https:\/\/otobed.com\/en\/wp-json\/wp\/v2\/users\/2"}],"replies":[{"embeddable":true,"href":"https:\/\/otobed.com\/en\/wp-json\/wp\/v2\/comments?post=13"}],"version-history":[{"count":5,"href":"https:\/\/otobed.com\/en\/wp-json\/wp\/v2\/pages\/13\/revisions"}],"predecessor-version":[{"id":2741,"href":"https:\/\/otobed.com\/en\/wp-json\/wp\/v2\/pages\/13\/revisions\/2741"}],"wp:attachment":[{"href":"https:\/\/otobed.com\/en\/wp-json\/wp\/v2\/media?parent=13"}],"curies":[{"name":"wp","href":"https:\/\/api.w.org\/{rel}","templated":true}]}}