{"id":53,"date":"2022-02-06T09:58:39","date_gmt":"2022-02-06T09:58:39","guid":{"rendered":"https:\/\/xstore.8theme.com\/elementor\/demos\/minimal-electronics\/?page_id=53"},"modified":"2025-09-29T08:32:47","modified_gmt":"2025-09-29T08:32:47","slug":"hakkimizda","status":"publish","type":"page","link":"https:\/\/otobed.com\/en\/hakkimizda\/","title":{"rendered":"About us"},"content":{"rendered":"<div data-elementor-type=\"wp-page\" data-elementor-id=\"53\" class=\"elementor elementor-53\" data-elementor-post-type=\"page\">\n\t\t\t\t\t\t<section class=\"elementor-section elementor-top-section elementor-element elementor-element-d78071b animated-fast elementor-section-boxed elementor-section-height-default elementor-section-height-default elementor-invisible\" data-id=\"d78071b\" data-element_type=\"section\" data-settings=\"{&quot;animation&quot;:&quot;fadeInUp&quot;}\">\n\t\t\t\t\t\t<div class=\"elementor-container elementor-column-gap-no\">\n\t\t\t\t\t<div class=\"elementor-column elementor-col-100 elementor-top-column elementor-element elementor-element-2ac7177\" data-id=\"2ac7177\" data-element_type=\"column\">\n\t\t\t<div class=\"elementor-widget-wrap elementor-element-populated\">\n\t\t\t\t\t\t<div class=\"elementor-element elementor-element-eb49b9e elementor-align-center elementor-widget elementor-widget-etheme_advanced_headline\" data-id=\"eb49b9e\" data-element_type=\"widget\" data-widget_type=\"etheme_advanced_headline.default\">\n\t\t\t\t<div class=\"elementor-widget-container\">\n\t\t\t\t\t        \n        <div class=\"etheme-a-h-wrapper\">\n        \n            \n        <h2 class=\"etheme-advanced-headline etheme-advanced-headline-mask\">\n\n            About us\n        <\/h2>\n\t\t\n                            <p class=\"etheme-a-h-text-after\">\n                    \nOtobed was founded with a clear vision: to redefine comfort on the go and provide reliable solutions for every journey. For us, comfort should not be limited to homes or hotels; it should be portable wherever life takes you.                <\/p>\n                    \n        <\/div>\n        \n\t\t\t\t\t\t<\/div>\n\t\t\t\t<\/div>\n\t\t\t\t<div class=\"elementor-element elementor-element-5ffde3e elementor-widget elementor-widget-image\" data-id=\"5ffde3e\" data-element_type=\"widget\" data-widget_type=\"image.default\">\n\t\t\t\t\t\t\t\t\t\t\t\t\t\t\t<img decoding=\"async\" src=\"https:\/\/otobed.com\/wp-content\/uploads\/elementor\/thumbs\/m4-rblcm57e9i8fhbmqadogo73pjvw54f0s5wd94doq5s.jpg\" title=\"m4\" alt=\"m4\" class=\"elementor-animation-bob\" loading=\"lazy\" \/>\t\t\t\t\t\t\t\t\t\t\t\t\t\t\t<\/div>\n\t\t\t\t\t<\/div>\n\t\t<\/div>\n\t\t\t\t\t<\/div>\n\t\t<\/section>\n\t\t\t\t<section class=\"elementor-section elementor-top-section elementor-element elementor-element-f8ebb67 elementor-section-content-middle elementor-section-boxed elementor-section-height-default elementor-section-height-default\" data-id=\"f8ebb67\" data-element_type=\"section\">\n\t\t\t\t\t\t<div class=\"elementor-container elementor-column-gap-no\">\n\t\t\t\t\t<div class=\"elementor-column elementor-col-50 elementor-top-column elementor-element elementor-element-8a26d6f elementor-invisible\" data-id=\"8a26d6f\" data-element_type=\"column\" data-settings=\"{&quot;animation&quot;:&quot;fadeIn&quot;}\">\n\t\t\t<div class=\"elementor-widget-wrap elementor-element-populated\">\n\t\t\t\t\t\t<div class=\"elementor-element elementor-element-8fae454 elementor-widget elementor-widget-image\" data-id=\"8fae454\" data-element_type=\"widget\" data-widget_type=\"image.default\">\n\t\t\t\t\t\t\t\t\t\t\t\t\t\t\t<img fetchpriority=\"high\" decoding=\"async\" width=\"1200\" height=\"1600\" src=\"https:\/\/otobed.com\/wp-content\/uploads\/2022\/02\/WhatsApp-Gorsel-2025-09-12-saat-09.11.44_e69f97a8.jpg\" class=\"attachment-full size-full wp-image-2109\" alt=\"\" srcset=\"https:\/\/otobed.com\/wp-content\/uploads\/2022\/02\/WhatsApp-Gorsel-2025-09-12-saat-09.11.44_e69f97a8.jpg 1200w, https:\/\/otobed.com\/wp-content\/uploads\/2022\/02\/WhatsApp-Gorsel-2025-09-12-saat-09.11.44_e69f97a8-225x300.jpg 225w, https:\/\/otobed.com\/wp-content\/uploads\/2022\/02\/WhatsApp-Gorsel-2025-09-12-saat-09.11.44_e69f97a8-768x1024.jpg 768w, https:\/\/otobed.com\/wp-content\/uploads\/2022\/02\/WhatsApp-Gorsel-2025-09-12-saat-09.11.44_e69f97a8-1152x1536.jpg 1152w, https:\/\/otobed.com\/wp-content\/uploads\/2022\/02\/WhatsApp-Gorsel-2025-09-12-saat-09.11.44_e69f97a8-600x800.jpg 600w, https:\/\/otobed.com\/wp-content\/uploads\/2022\/02\/WhatsApp-Gorsel-2025-09-12-saat-09.11.44_e69f97a8-1x1.jpg 1w, https:\/\/otobed.com\/wp-content\/uploads\/2022\/02\/WhatsApp-Gorsel-2025-09-12-saat-09.11.44_e69f97a8-8x10.jpg 8w\" sizes=\"(max-width: 1200px) 100vw, 1200px\" \/>\t\t\t\t\t\t\t\t\t\t\t\t\t\t\t<\/div>\n\t\t\t\t\t<\/div>\n\t\t<\/div>\n\t\t\t\t<div class=\"elementor-column elementor-col-50 elementor-top-column elementor-element elementor-element-8e8c588 animated-fast elementor-invisible\" data-id=\"8e8c588\" data-element_type=\"column\" data-settings=\"{&quot;animation&quot;:&quot;fadeInRight&quot;}\">\n\t\t\t<div class=\"elementor-widget-wrap elementor-element-populated\">\n\t\t\t\t\t\t<div class=\"elementor-element elementor-element-72b00b1 elementor-widget elementor-widget-text-editor\" data-id=\"72b00b1\" data-element_type=\"widget\" data-widget_type=\"text-editor.default\">\n\t\t\t\t\t\t\t\t\t<p>Our products are custom-designed to fit vehicles of different brands and models. Through our collaboration with an established mattress manufacturer, we combine years of accumulated expertise and experience with a modern approach to innovation. This strong partnership enables us to develop products that are not only durable and functional but also deliver the highest level of comfort under any conditions.<\/p><p>At Otobed, we understand that every individual has different needs. That's why we offer fabric options with cold or warm properties, tailored to seasonal conditions and personal preferences. Whether you're enjoying the tranquility of nature at a campsite or facing an unexpected emergency, Otobed guarantees you a safe, supportive, and comfortable sleep experience.<\/p><p>What sets us apart is not only the quality of our products, but also the philosophy behind them. For us, it's not just about manufacturing portable beds; it's about offering people a sense of peace, security, and freedom.<\/p>\t\t\t\t\t\t\t\t<\/div>\n\t\t\t\t<section class=\"elementor-section elementor-inner-section elementor-element elementor-element-7accff1 elementor-section-boxed elementor-section-height-default elementor-section-height-default\" data-id=\"7accff1\" data-element_type=\"section\">\n\t\t\t\t\t\t<div class=\"elementor-container elementor-column-gap-no\">\n\t\t\t\t\t<div class=\"elementor-column elementor-col-50 elementor-inner-column elementor-element elementor-element-d8f6022\" data-id=\"d8f6022\" data-element_type=\"column\">\n\t\t\t<div class=\"elementor-widget-wrap elementor-element-populated\">\n\t\t\t\t\t\t<div class=\"elementor-element elementor-element-50589eb elementor-widget elementor-widget-heading\" data-id=\"50589eb\" data-element_type=\"widget\" data-widget_type=\"heading.default\">\n\t\t\t\t\t<h2 class=\"elementor-heading-title elementor-size-default\">Our Mission<\/h2>\t\t\t\t<\/div>\n\t\t\t\t<div class=\"elementor-element elementor-element-374ce0c elementor-widget elementor-widget-text-editor\" data-id=\"374ce0c\" data-element_type=\"widget\" data-widget_type=\"text-editor.default\">\n\t\t\t\t\t\t\t\t\t<p>M\u00fc\u015fterilerimizin ya\u015fam kalitesini art\u0131racak yenilik\u00e7i, g\u00fcvenilir ve konforlu \u00e7\u00f6z\u00fcmler sunmak; onlar\u0131n \u00f6zel ihtiya\u00e7lar\u0131na uygun \u00fcr\u00fcnler geli\u015ftirerek g\u00fcven, memnuniyet ve s\u00fcrd\u00fcr\u00fclebilirli\u011fi \u00f6n planda tutmak<\/p>\t\t\t\t\t\t\t\t<\/div>\n\t\t\t\t\t<\/div>\n\t\t<\/div>\n\t\t\t\t<div class=\"elementor-column elementor-col-50 elementor-inner-column elementor-element elementor-element-f7b1bea\" data-id=\"f7b1bea\" data-element_type=\"column\">\n\t\t\t<div class=\"elementor-widget-wrap elementor-element-populated\">\n\t\t\t\t\t\t<div class=\"elementor-element elementor-element-940732e elementor-widget elementor-widget-heading\" data-id=\"940732e\" data-element_type=\"widget\" data-widget_type=\"heading.default\">\n\t\t\t\t\t<h2 class=\"elementor-heading-title elementor-size-default\">Our Vision<\/h2>\t\t\t\t<\/div>\n\t\t\t\t<div class=\"elementor-element elementor-element-9931504 elementor-widget elementor-widget-text-editor\" data-id=\"9931504\" data-element_type=\"widget\" data-widget_type=\"text-editor.default\">\n\t\t\t\t\t\t\t\t\t<p>Konfor ve g\u00fcveni bir arada sunan \u00f6nc\u00fc marka olarak, ulusal ve uluslararas\u0131 pazarda tercih edilen, yenilik\u00e7i ve s\u00fcrd\u00fcr\u00fclebilir \u00e7\u00f6z\u00fcmlerle sekt\u00f6r\u00fcn gelece\u011fini \u015fekillendirmek.<\/p>\t\t\t\t\t\t\t\t<\/div>\n\t\t\t\t\t<\/div>\n\t\t<\/div>\n\t\t\t\t\t<\/div>\n\t\t<\/section>\n\t\t\t\t\t<\/div>\n\t\t<\/div>\n\t\t\t\t\t<\/div>\n\t\t<\/section>\n\t\t\t\t<\/div>","protected":false},"excerpt":{"rendered":"<p>&#8230;<\/p>","protected":false},"author":2,"featured_media":0,"parent":0,"menu_order":0,"comment_status":"closed","ping_status":"closed","template":"","meta":{"footnotes":""},"class_list":["post-53","page","type-page","status-publish","hentry"],"_links":{"self":[{"href":"https:\/\/otobed.com\/en\/wp-json\/wp\/v2\/pages\/53","targetHints":{"allow":["GET"]}}],"collection":[{"href":"https:\/\/otobed.com\/en\/wp-json\/wp\/v2\/pages"}],"about":[{"href":"https:\/\/otobed.com\/en\/wp-json\/wp\/v2\/types\/page"}],"author":[{"embeddable":true,"href":"https:\/\/otobed.com\/en\/wp-json\/wp\/v2\/users\/2"}],"replies":[{"embeddable":true,"href":"https:\/\/otobed.com\/en\/wp-json\/wp\/v2\/comments?post=53"}],"version-history":[{"count":13,"href":"https:\/\/otobed.com\/en\/wp-json\/wp\/v2\/pages\/53\/revisions"}],"predecessor-version":[{"id":2188,"href":"https:\/\/otobed.com\/en\/wp-json\/wp\/v2\/pages\/53\/revisions\/2188"}],"wp:attachment":[{"href":"https:\/\/otobed.com\/en\/wp-json\/wp\/v2\/media?parent=53"}],"curies":[{"name":"wp","href":"https:\/\/api.w.org\/{rel}","templated":true}]}}