{"id":2749,"date":"2025-11-26T08:22:43","date_gmt":"2025-11-26T08:22:43","guid":{"rendered":"https:\/\/otobed.com\/?post_type=product&#038;p=2749"},"modified":"2026-02-03T06:11:50","modified_gmt":"2026-02-03T06:11:50","slug":"soft-sunger","status":"publish","type":"product","link":"https:\/\/otobed.com\/en\/magaza\/soft-sunger\/","title":{"rendered":"Soft S\u00fcnger"},"content":{"rendered":"<p data-start=\"545\" data-end=\"575\"><strong data-start=\"545\" data-end=\"573\">\ud83d\udecf Key Features:<\/strong><\/p>\n<ul data-start=\"576\" data-end=\"1217\">\n<li data-start=\"705\" data-end=\"799\">\n<p data-start=\"707\" data-end=\"799\"><strong data-start=\"707\" data-end=\"743\">25 DNS Soft S\u00fcnger (175x110x6):<\/strong> High-density comfort foam that conforms to the body's shape.<\/p>\n<\/li>\n<li data-start=\"800\" data-end=\"876\">\n<p data-start=\"802\" data-end=\"876\"><strong data-start=\"802\" data-end=\"829\">Supreme Fabric Pooling:<\/strong> Durable, flexible, and retains its shape for a long time.<\/p>\n<\/li>\n<li data-start=\"877\" data-end=\"947\">\n<p data-start=\"879\" data-end=\"947\"><strong data-start=\"879\" data-end=\"908\">Zipper Design:<\/strong> The cover can be easily removed and washed.<\/p>\n<\/li>\n<li data-start=\"948\" data-end=\"1046\">\n<p data-start=\"950\" data-end=\"1046\"><strong data-start=\"950\" data-end=\"992\">2 Bead Fiber Pillows (40\u00d725 cm):<\/strong> Ice Sleep fabric-covered, soft and cool structure.<\/p>\n<\/li>\n<li data-start=\"1047\" data-end=\"1140\">\n<p data-start=\"1049\" data-end=\"1140\"><strong data-start=\"1049\" data-end=\"1075\">Elasticated Duvet Cover:<\/strong> Special fastening for mattresses and bolsters; prevents slipping and bunching.<\/p>\n<\/li>\n<li data-start=\"1141\" data-end=\"1217\">\n<p data-start=\"1143\" data-end=\"1217\"><strong data-start=\"1143\" data-end=\"1167\">Special OTOBED Label:<\/strong> Premium design complemented by stylish brand details.<\/p>\n<\/li>\n<\/ul>\n<hr data-start=\"1219\" data-end=\"1222\" \/>\n<p data-start=\"1224\" data-end=\"1409\"><strong data-start=\"1224\" data-end=\"1242\">\u2744\ufe0f Advantages:<\/strong><br data-start=\"1242\" data-end=\"1245\" \/>\u2714 Cool and breathable fabric structure<br data-start=\"1279\" data-end=\"1282\" \/>\u2714 Omurga dostu soft konforu<br data-start=\"1310\" data-end=\"1313\" \/>\u2714 Easy to transport and clean design<br data-start=\"1358\" data-end=\"1361\" \/>\u2714 Ideal for in-vehicle, RV, and home use<\/p>\n<hr data-start=\"1411\" data-end=\"1414\" \/>\n<p data-start=\"1416\" data-end=\"1586\"><strong data-start=\"1416\" data-end=\"1436\">Soft S\u00fcnger<\/strong>It was developed to provide a refreshing sleep experience even in the summer months.<br data-start=\"1506\" data-end=\"1509\" \/>The perfect choice for those who want coolness, comfort, and style all in one. \ud83c\udf19<\/p>","protected":false},"excerpt":{"rendered":"<h3 data-start=\"164\" data-end=\"248\"><\/h3>\n<h3 data-start=\"164\" data-end=\"248\">\ud83c\udf2c\ufe0f <strong data-start=\"172\" data-end=\"246\">Cool, Comfortable, Innovative Sleep Experience<\/strong><\/h3>\n<p data-start=\"249\" data-end=\"538\">Y\u00fcksek \u0131s\u0131 iletkenli\u011fine sahip \u00f6zel kuma\u015f\u0131yla <strong data-start=\"295\" data-end=\"315\">Soft S\u00fcnger<\/strong>It provides a refreshing sleeping space even in hot weather. Designed for use in vehicles, caravans, or homes, this bed set combines visco comfort, a cooling fabric structure, and practical details to bring comfort to you in any environment.<\/p>\n<p data-start=\"1416\" data-end=\"1586\">","protected":false},"featured_media":2288,"comment_status":"open","ping_status":"closed","template":"","meta":[],"product_brand":[],"product_cat":[52],"product_tag":[],"class_list":{"0":"post-2749","1":"product","2":"type-product","3":"status-publish","4":"has-post-thumbnail","6":"product_cat-tesla-uyumlu","8":"first","9":"instock","10":"sale","11":"sold-individually","12":"taxable","13":"shipping-taxable","14":"purchasable","15":"product-type-simple"},"etheme_brands":{"errors":{"invalid_taxonomy":["Invalid taxonomy."]},"error_data":[]},"_links":{"self":[{"href":"https:\/\/otobed.com\/en\/wp-json\/wp\/v2\/product\/2749","targetHints":{"allow":["GET"]}}],"collection":[{"href":"https:\/\/otobed.com\/en\/wp-json\/wp\/v2\/product"}],"about":[{"href":"https:\/\/otobed.com\/en\/wp-json\/wp\/v2\/types\/product"}],"replies":[{"embeddable":true,"href":"https:\/\/otobed.com\/en\/wp-json\/wp\/v2\/comments?post=2749"}],"version-history":[{"count":1,"href":"https:\/\/otobed.com\/en\/wp-json\/wp\/v2\/product\/2749\/revisions"}],"predecessor-version":[{"id":2750,"href":"https:\/\/otobed.com\/en\/wp-json\/wp\/v2\/product\/2749\/revisions\/2750"}],"wp:featuredmedia":[{"embeddable":true,"href":"https:\/\/otobed.com\/en\/wp-json\/wp\/v2\/media\/2288"}],"wp:attachment":[{"href":"https:\/\/otobed.com\/en\/wp-json\/wp\/v2\/media?parent=2749"}],"wp:term":[{"taxonomy":"product_brand","embeddable":true,"href":"https:\/\/otobed.com\/en\/wp-json\/wp\/v2\/product_brand?post=2749"},{"taxonomy":"product_cat","embeddable":true,"href":"https:\/\/otobed.com\/en\/wp-json\/wp\/v2\/product_cat?post=2749"},{"taxonomy":"product_tag","embeddable":true,"href":"https:\/\/otobed.com\/en\/wp-json\/wp\/v2\/product_tag?post=2749"}],"curies":[{"name":"wp","href":"https:\/\/api.w.org\/{rel}","templated":true}]}}