{"id":2768,"date":"2026-02-16T09:46:39","date_gmt":"2026-02-16T09:46:39","guid":{"rendered":"https:\/\/otobed.com\/?post_type=product&#038;p=2768"},"modified":"2026-02-16T09:46:39","modified_gmt":"2026-02-16T09:46:39","slug":"otobed-arac-yatagi-togg-ile-uyumlu","status":"publish","type":"product","link":"https:\/\/otobed.com\/en\/magaza\/otobed-arac-yatagi-togg-ile-uyumlu\/","title":{"rendered":"OTOBED ARA\u00c7 YATA\u011eI (TOGG \u0130LE UYUMLU)"},"content":{"rendered":"","protected":false},"excerpt":{"rendered":"<p>TOGG MARKA ARA\u00c7 BAGAJI \u0130LE TAM \u00d6L\u00c7\u00dc UYUMLU V\u0130SCO YATAK<\/p>","protected":false},"featured_media":2769,"comment_status":"open","ping_status":"closed","template":"","meta":[],"product_brand":[],"product_cat":[52],"product_tag":[],"class_list":{"0":"post-2768","1":"product","2":"type-product","3":"status-publish","4":"has-post-thumbnail","6":"product_cat-tesla-uyumlu","8":"first","9":"instock","10":"sale","11":"taxable","12":"shipping-taxable","13":"purchasable","14":"product-type-simple"},"etheme_brands":{"errors":{"invalid_taxonomy":["Invalid taxonomy."]},"error_data":[]},"_links":{"self":[{"href":"https:\/\/otobed.com\/en\/wp-json\/wp\/v2\/product\/2768","targetHints":{"allow":["GET"]}}],"collection":[{"href":"https:\/\/otobed.com\/en\/wp-json\/wp\/v2\/product"}],"about":[{"href":"https:\/\/otobed.com\/en\/wp-json\/wp\/v2\/types\/product"}],"replies":[{"embeddable":true,"href":"https:\/\/otobed.com\/en\/wp-json\/wp\/v2\/comments?post=2768"}],"version-history":[{"count":1,"href":"https:\/\/otobed.com\/en\/wp-json\/wp\/v2\/product\/2768\/revisions"}],"predecessor-version":[{"id":2770,"href":"https:\/\/otobed.com\/en\/wp-json\/wp\/v2\/product\/2768\/revisions\/2770"}],"wp:featuredmedia":[{"embeddable":true,"href":"https:\/\/otobed.com\/en\/wp-json\/wp\/v2\/media\/2769"}],"wp:attachment":[{"href":"https:\/\/otobed.com\/en\/wp-json\/wp\/v2\/media?parent=2768"}],"wp:term":[{"taxonomy":"product_brand","embeddable":true,"href":"https:\/\/otobed.com\/en\/wp-json\/wp\/v2\/product_brand?post=2768"},{"taxonomy":"product_cat","embeddable":true,"href":"https:\/\/otobed.com\/en\/wp-json\/wp\/v2\/product_cat?post=2768"},{"taxonomy":"product_tag","embeddable":true,"href":"https:\/\/otobed.com\/en\/wp-json\/wp\/v2\/product_tag?post=2768"}],"curies":[{"name":"wp","href":"https:\/\/api.w.org\/{rel}","templated":true}]}}